{"id":128,"date":"2011-03-29T14:27:23","date_gmt":"2011-03-29T12:27:23","guid":{"rendered":"http:\/\/vasterortskyrkan.wordpress.com\/?page_id=128"},"modified":"2025-07-30T14:57:44","modified_gmt":"2025-07-30T12:57:44","slug":"arkitektur-historia","status":"publish","type":"page","link":"https:\/\/vasterortskyrkan.se\/index.php\/arkitektur-historia\/","title":{"rendered":"Arkitektur &amp; Historia"},"content":{"rendered":"<p><a href=\"http:\/\/vasterortskyrkan.wordpress.com\/wp-content\/uploads\/2011\/03\/kyrsalen2.jpg\"><img loading=\"lazy\" decoding=\"async\" class=\"alignnone wp-image-220 size-full\" src=\"https:\/\/vasterortskyrkan.se\/wp-content\/uploads\/2011\/05\/kyrsalen2.jpg\" alt=\"\" width=\"500\" height=\"370\" srcset=\"https:\/\/vasterortskyrkan.se\/wp-content\/uploads\/2011\/05\/kyrsalen2.jpg 500w, https:\/\/vasterortskyrkan.se\/wp-content\/uploads\/2011\/05\/kyrsalen2-300x222.jpg 300w\" sizes=\"auto, (max-width: 500px) 85vw, 500px\" \/><\/a><\/p>\n<p>V\u00e4sterortskyrkan invigdes den f\u00f6rsta advent 1956 som f\u00f6rsta kyrka i V\u00e4llingby.\u00a0Det var ett antal familjer fr\u00e5n Blackeberg som bildade en ny missionsf\u00f6rsamling, s\u00f6kte bygglov och tog l\u00e5n f\u00f6r att bygga b\u00e5de kyrka och bostadshus.<\/p>\n<p>Arkitekten Carl Nyr\u00e9n skar ut kyrkan i en lermodell och s\u00e5g huskroppen som en oslipad \u00e4delsten. V\u00e4sterortskyrkan blev, med bland annat takf\u00f6nster och h\u00f6gt v\u00e4ggf\u00f6nster, stilbildande f\u00f6r andra kyrkobyggnader i Norden.<\/p>\n<p>N\u00e4r den v\u00e4rldsber\u00f6mde arkitekten Le Corbusier bes\u00f6kte V\u00e4sterortskyrkan 1958 blev han v\u00e4ldigt f\u00f6rtjust i den. Vid en efterf\u00f6ljande f\u00f6rel\u00e4sningsserie i USA ska han ha sagt &#8221;<em>Om ni ska se vackra kyrkor i Europa, finns det tre ni inte f\u00e5r missa; Peterskyrkan i Rom, Notre Dame i Paris och V\u00e4sterortskyrkan i V\u00e4llingby.&#8221;<\/em><\/p>\n<p>Kyrkan bes\u00f6ks regelbundet av arkitektintresserade fr\u00e5n Sverige och Europa.<\/p>\n<p>F\u00f6r visning av kyrkorummet, kontakta oss via:\u00a0<a href=\"mailto:visning@vasterortskyrkan.se\" rel=\"noopener\">visning@vasterortskyrkan.se<\/a>.<\/p>\n<p>If you want to visit the church with a group, please contact us at <a href=\"mailto:visning@vasterortskyrkan.se\" rel=\"noopener\">visning@vasterortskyrkan.se<\/a>.<\/p>\n","protected":false},"excerpt":{"rendered":"<p>V\u00e4sterortskyrkan invigdes den f\u00f6rsta advent 1956 som f\u00f6rsta kyrka i V\u00e4llingby.\u00a0Det var ett antal familjer fr\u00e5n Blackeberg som bildade en ny missionsf\u00f6rsamling, s\u00f6kte bygglov och tog l\u00e5n f\u00f6r att bygga b\u00e5de kyrka och bostadshus. Arkitekten Carl Nyr\u00e9n skar ut kyrkan i en lermodell och s\u00e5g huskroppen som en oslipad \u00e4delsten. V\u00e4sterortskyrkan blev, med bland annat &hellip; <a href=\"https:\/\/vasterortskyrkan.se\/index.php\/arkitektur-historia\/\" class=\"more-link\">Forts\u00e4tt l\u00e4sa<span class=\"screen-reader-text\"> \u201dArkitektur &amp; Historia\u201d<\/span><\/a><\/p>\n","protected":false},"author":1,"featured_media":0,"parent":0,"menu_order":9,"comment_status":"closed","ping_status":"closed","template":"","meta":{"jetpack_post_was_ever_published":false,"footnotes":""},"class_list":["post-128","page","type-page","status-publish","hentry"],"jetpack_sharing_enabled":true,"_links":{"self":[{"href":"https:\/\/vasterortskyrkan.se\/index.php\/wp-json\/wp\/v2\/pages\/128","targetHints":{"allow":["GET"]}}],"collection":[{"href":"https:\/\/vasterortskyrkan.se\/index.php\/wp-json\/wp\/v2\/pages"}],"about":[{"href":"https:\/\/vasterortskyrkan.se\/index.php\/wp-json\/wp\/v2\/types\/page"}],"author":[{"embeddable":true,"href":"https:\/\/vasterortskyrkan.se\/index.php\/wp-json\/wp\/v2\/users\/1"}],"replies":[{"embeddable":true,"href":"https:\/\/vasterortskyrkan.se\/index.php\/wp-json\/wp\/v2\/comments?post=128"}],"version-history":[{"count":7,"href":"https:\/\/vasterortskyrkan.se\/index.php\/wp-json\/wp\/v2\/pages\/128\/revisions"}],"predecessor-version":[{"id":5227,"href":"https:\/\/vasterortskyrkan.se\/index.php\/wp-json\/wp\/v2\/pages\/128\/revisions\/5227"}],"wp:attachment":[{"href":"https:\/\/vasterortskyrkan.se\/index.php\/wp-json\/wp\/v2\/media?parent=128"}],"curies":[{"name":"wp","href":"https:\/\/api.w.org\/{rel}","templated":true}]}}